{"id":695,"date":"2018-12-07T17:39:41","date_gmt":"2018-12-07T17:39:41","guid":{"rendered":"http:\/\/www.westbaycolonial.com\/?page_id=695"},"modified":"2023-06-23T16:57:11","modified_gmt":"2023-06-23T22:57:11","slug":"habitacion-doble","status":"publish","type":"page","link":"https:\/\/westbaycolonial.com\/es\/nuestros-cuartos\/habitacion-doble\/","title":{"rendered":"Habitaci\u00f3n Doble"},"content":{"rendered":"<div class=\"two-thirds first\">\n<p>Esta habitaci\u00f3n presenta una decoraci\u00f3n elegante y cuenta con ba\u00f1o completo, TV por cable y balc\u00f3n.<\/p>\n<h2>Comodidades<\/h2>\n<table style=\"width: 100%;\">\n<tbody>\n<tr>\n<th><\/th>\n<th><\/th>\n<th><\/th>\n<\/tr>\n<tr>\n<td>Ducha<\/td>\n<td>Balc\u00f3n<\/td>\n<td>Canales Por Cable<\/td>\n<\/tr>\n<tr>\n<td>Aire acondicionado<\/td>\n<td>Ventilador<\/td>\n<td>Zona de Armario<\/td>\n<\/tr>\n<tr>\n<td>TV<\/td>\n<td>Ba\u00f1o privado<\/td>\n<td>Toallas<\/td>\n<\/tr>\n<tr>\n<td>Vista a la piscina<\/td>\n<\/tr>\n<\/tbody>\n<\/table>\n<\/div>\n<div class=\"one-third side\">\n<p><a class=\"button\" style=\"width: 100% !important; text-align: center;\" href=\"https:\/\/app.thebookingbutton.com\/properties\/WestBayDirect?locale=es\" target=\"_blank\" rel=\"noopener\">RESERVAR AHORA<\/a><\/p>\n<table style=\"width: 100%;\">\n<tbody>\n<tr>\n<th><\/th>\n<th><\/th>\n<th><\/th>\n<\/tr>\n<tr>\n<td><img decoding=\"async\" loading=\"lazy\" class=\"aligncenter wp-image-253\" src=\"https:\/\/westbaycolonial.com\/wp-content\/uploads\/2018\/11\/icon_bed-1.png\" alt=\"cama hotel west bay colonial roatan\" width=\"72\" height=\"40\" \/><\/td>\n<td>1 cama king o 2 camas dobles<\/td>\n<\/tr>\n<tr>\n<td><img decoding=\"async\" loading=\"lazy\" class=\"aligncenter wp-image-252\" src=\"https:\/\/westbaycolonial.com\/wp-content\/uploads\/2018\/11\/icon_people-1.png\" alt=\"huesped hotel west bay colonial roatan\" width=\"55\" height=\"40\" \/><\/td>\n<td>2<\/td>\n<\/tr>\n<tr>\n<td><img decoding=\"async\" loading=\"lazy\" class=\"aligncenter wp-image-251\" src=\"https:\/\/westbaycolonial.com\/wp-content\/uploads\/2018\/11\/icon_size-1.png\" alt=\"cuarto hotel west bay colonial roatan\" width=\"40\" height=\"40\" \/><\/td>\n<td>480 ft\u00b2<\/td>\n<\/tr>\n<tr>\n<td><img decoding=\"async\" loading=\"lazy\" class=\"aligncenter wp-image-250\" src=\"https:\/\/westbaycolonial.com\/wp-content\/uploads\/2018\/11\/icon_view-1.png\" alt=\"vista a la piscina hotel west bay colonial roatan\" width=\"47\" height=\"40\" \/><\/td>\n<td>Vista a la piscina<\/td>\n<\/tr>\n<\/tbody>\n<\/table>\n<\/div>\n<div class=\"clearfix\"><\/div>\n","protected":false},"excerpt":{"rendered":"<p>Esta habitaci\u00f3n presenta una decoraci\u00f3n elegante y cuenta con ba\u00f1o completo, TV por cable y balc\u00f3n. Comodidades Ducha Balc\u00f3n Canales Por Cable Aire acondicionado Ventilador Zona de Armario TV Ba\u00f1o privado Toallas Vista a la piscina RESERVAR AHORA 1 cama king o 2 camas dobles 2 480 ft\u00b2 Vista a la piscina<\/p>\n","protected":false},"author":2,"featured_media":701,"parent":683,"menu_order":0,"comment_status":"closed","ping_status":"closed","template":"","meta":{"_genesis_hide_title":false,"_genesis_hide_breadcrumbs":false,"_genesis_hide_singular_image":false,"_genesis_hide_footer_widgets":false,"_genesis_custom_body_class":"","_genesis_custom_post_class":"","_genesis_layout":"","footnotes":""},"yoast_head":"<!-- This site is optimized with the Yoast SEO plugin v20.13 - https:\/\/yoast.com\/wordpress\/plugins\/seo\/ -->\n<title>Habitaci\u00f3n Doble - Hotel West Bay Colonial<\/title>\n<meta name=\"robots\" content=\"index, follow, max-snippet:-1, max-image-preview:large, max-video-preview:-1\" \/>\n<link rel=\"canonical\" href=\"https:\/\/westbaycolonial.com\/es\/nuestros-cuartos\/habitacion-doble\/\" \/>\n<meta property=\"og:locale\" content=\"es_ES\" \/>\n<meta property=\"og:type\" content=\"article\" \/>\n<meta property=\"og:title\" content=\"Habitaci\u00f3n Doble - Hotel West Bay Colonial\" \/>\n<meta property=\"og:description\" content=\"Esta habitaci\u00f3n presenta una decoraci\u00f3n elegante y cuenta con ba\u00f1o completo, TV por cable y balc\u00f3n. Comodidades Ducha Balc\u00f3n Canales Por Cable Aire acondicionado Ventilador Zona de Armario TV Ba\u00f1o privado Toallas Vista a la piscina RESERVAR AHORA 1 cama king o 2 camas dobles 2 480 ft\u00b2 Vista a la piscina\" \/>\n<meta property=\"og:url\" content=\"https:\/\/westbaycolonial.com\/es\/nuestros-cuartos\/habitacion-doble\/\" \/>\n<meta property=\"og:site_name\" content=\"Hotel West Bay Colonial\" \/>\n<meta property=\"article:publisher\" content=\"https:\/\/www.facebook.com\/WestBayColonial\/\" \/>\n<meta property=\"article:modified_time\" content=\"2023-06-23T22:57:11+00:00\" \/>\n<meta property=\"og:image\" content=\"https:\/\/westbaycolonial.com\/wp-content\/uploads\/2018\/11\/IMG_4400.jpg\" \/>\n\t<meta property=\"og:image:width\" content=\"1920\" \/>\n\t<meta property=\"og:image:height\" content=\"1280\" \/>\n\t<meta property=\"og:image:type\" content=\"image\/jpeg\" \/>\n<meta name=\"twitter:card\" content=\"summary_large_image\" \/>\n<meta name=\"twitter:label1\" content=\"Tiempo de lectura\" \/>\n\t<meta name=\"twitter:data1\" content=\"2 minutos\" \/>\n<script type=\"application\/ld+json\" class=\"yoast-schema-graph\">{\"@context\":\"https:\/\/schema.org\",\"@graph\":[{\"@type\":\"WebPage\",\"@id\":\"https:\/\/westbaycolonial.com\/es\/nuestros-cuartos\/habitacion-doble\/\",\"url\":\"https:\/\/westbaycolonial.com\/es\/nuestros-cuartos\/habitacion-doble\/\",\"name\":\"Habitaci\u00f3n Doble - Hotel West Bay Colonial\",\"isPartOf\":{\"@id\":\"https:\/\/westbaycolonial.com\/#website\"},\"datePublished\":\"2018-12-07T17:39:41+00:00\",\"dateModified\":\"2023-06-23T22:57:11+00:00\",\"breadcrumb\":{\"@id\":\"https:\/\/westbaycolonial.com\/es\/nuestros-cuartos\/habitacion-doble\/#breadcrumb\"},\"inLanguage\":\"es\",\"potentialAction\":[{\"@type\":\"ReadAction\",\"target\":[\"https:\/\/westbaycolonial.com\/es\/nuestros-cuartos\/habitacion-doble\/\"]}]},{\"@type\":\"BreadcrumbList\",\"@id\":\"https:\/\/westbaycolonial.com\/es\/nuestros-cuartos\/habitacion-doble\/#breadcrumb\",\"itemListElement\":[{\"@type\":\"ListItem\",\"position\":1,\"name\":\"Home\",\"item\":\"https:\/\/westbaycolonial.com\/es\/\"},{\"@type\":\"ListItem\",\"position\":2,\"name\":\"Nuestros Cuartos\",\"item\":\"https:\/\/westbaycolonial.com\/es\/nuestros-cuartos\/\"},{\"@type\":\"ListItem\",\"position\":3,\"name\":\"Habitaci\u00f3n Doble\"}]},{\"@type\":\"WebSite\",\"@id\":\"https:\/\/westbaycolonial.com\/#website\",\"url\":\"https:\/\/westbaycolonial.com\/\",\"name\":\"West Bay Colonial Hotel\",\"description\":\"Hotel en Roatan\",\"publisher\":{\"@id\":\"https:\/\/westbaycolonial.com\/#organization\"},\"potentialAction\":[{\"@type\":\"SearchAction\",\"target\":{\"@type\":\"EntryPoint\",\"urlTemplate\":\"https:\/\/westbaycolonial.com\/?s={search_term_string}\"},\"query-input\":\"required name=search_term_string\"}],\"inLanguage\":\"es\"},{\"@type\":\"Organization\",\"@id\":\"https:\/\/westbaycolonial.com\/#organization\",\"name\":\"West Bay Colonial Hotel\",\"url\":\"https:\/\/westbaycolonial.com\/\",\"logo\":{\"@type\":\"ImageObject\",\"inLanguage\":\"es\",\"@id\":\"https:\/\/westbaycolonial.com\/#\/schema\/logo\/image\/\",\"url\":\"https:\/\/westbaycolonial.com\/wp-content\/uploads\/2018\/11\/wbc-favicon-web.png\",\"contentUrl\":\"https:\/\/westbaycolonial.com\/wp-content\/uploads\/2018\/11\/wbc-favicon-web.png\",\"width\":512,\"height\":512,\"caption\":\"West Bay Colonial Hotel\"},\"image\":{\"@id\":\"https:\/\/westbaycolonial.com\/#\/schema\/logo\/image\/\"},\"sameAs\":[\"https:\/\/www.facebook.com\/WestBayColonial\/\",\"https:\/\/www.instagram.com\/westbaycolonial\/\"]}]}<\/script>\n<!-- \/ Yoast SEO plugin. -->","yoast_head_json":{"title":"Habitaci\u00f3n Doble - Hotel West Bay Colonial","robots":{"index":"index","follow":"follow","max-snippet":"max-snippet:-1","max-image-preview":"max-image-preview:large","max-video-preview":"max-video-preview:-1"},"canonical":"https:\/\/westbaycolonial.com\/es\/nuestros-cuartos\/habitacion-doble\/","og_locale":"es_ES","og_type":"article","og_title":"Habitaci\u00f3n Doble - Hotel West Bay Colonial","og_description":"Esta habitaci\u00f3n presenta una decoraci\u00f3n elegante y cuenta con ba\u00f1o completo, TV por cable y balc\u00f3n. Comodidades Ducha Balc\u00f3n Canales Por Cable Aire acondicionado Ventilador Zona de Armario TV Ba\u00f1o privado Toallas Vista a la piscina RESERVAR AHORA 1 cama king o 2 camas dobles 2 480 ft\u00b2 Vista a la piscina","og_url":"https:\/\/westbaycolonial.com\/es\/nuestros-cuartos\/habitacion-doble\/","og_site_name":"Hotel West Bay Colonial","article_publisher":"https:\/\/www.facebook.com\/WestBayColonial\/","article_modified_time":"2023-06-23T22:57:11+00:00","og_image":[{"width":1920,"height":1280,"url":"https:\/\/westbaycolonial.com\/wp-content\/uploads\/2018\/11\/IMG_4400.jpg","type":"image\/jpeg"}],"twitter_card":"summary_large_image","twitter_misc":{"Tiempo de lectura":"2 minutos"},"schema":{"@context":"https:\/\/schema.org","@graph":[{"@type":"WebPage","@id":"https:\/\/westbaycolonial.com\/es\/nuestros-cuartos\/habitacion-doble\/","url":"https:\/\/westbaycolonial.com\/es\/nuestros-cuartos\/habitacion-doble\/","name":"Habitaci\u00f3n Doble - Hotel West Bay Colonial","isPartOf":{"@id":"https:\/\/westbaycolonial.com\/#website"},"datePublished":"2018-12-07T17:39:41+00:00","dateModified":"2023-06-23T22:57:11+00:00","breadcrumb":{"@id":"https:\/\/westbaycolonial.com\/es\/nuestros-cuartos\/habitacion-doble\/#breadcrumb"},"inLanguage":"es","potentialAction":[{"@type":"ReadAction","target":["https:\/\/westbaycolonial.com\/es\/nuestros-cuartos\/habitacion-doble\/"]}]},{"@type":"BreadcrumbList","@id":"https:\/\/westbaycolonial.com\/es\/nuestros-cuartos\/habitacion-doble\/#breadcrumb","itemListElement":[{"@type":"ListItem","position":1,"name":"Home","item":"https:\/\/westbaycolonial.com\/es\/"},{"@type":"ListItem","position":2,"name":"Nuestros Cuartos","item":"https:\/\/westbaycolonial.com\/es\/nuestros-cuartos\/"},{"@type":"ListItem","position":3,"name":"Habitaci\u00f3n Doble"}]},{"@type":"WebSite","@id":"https:\/\/westbaycolonial.com\/#website","url":"https:\/\/westbaycolonial.com\/","name":"West Bay Colonial Hotel","description":"Hotel en Roatan","publisher":{"@id":"https:\/\/westbaycolonial.com\/#organization"},"potentialAction":[{"@type":"SearchAction","target":{"@type":"EntryPoint","urlTemplate":"https:\/\/westbaycolonial.com\/?s={search_term_string}"},"query-input":"required name=search_term_string"}],"inLanguage":"es"},{"@type":"Organization","@id":"https:\/\/westbaycolonial.com\/#organization","name":"West Bay Colonial Hotel","url":"https:\/\/westbaycolonial.com\/","logo":{"@type":"ImageObject","inLanguage":"es","@id":"https:\/\/westbaycolonial.com\/#\/schema\/logo\/image\/","url":"https:\/\/westbaycolonial.com\/wp-content\/uploads\/2018\/11\/wbc-favicon-web.png","contentUrl":"https:\/\/westbaycolonial.com\/wp-content\/uploads\/2018\/11\/wbc-favicon-web.png","width":512,"height":512,"caption":"West Bay Colonial Hotel"},"image":{"@id":"https:\/\/westbaycolonial.com\/#\/schema\/logo\/image\/"},"sameAs":["https:\/\/www.facebook.com\/WestBayColonial\/","https:\/\/www.instagram.com\/westbaycolonial\/"]}]}},"_links":{"self":[{"href":"https:\/\/westbaycolonial.com\/es\/wp-json\/wp\/v2\/pages\/695"}],"collection":[{"href":"https:\/\/westbaycolonial.com\/es\/wp-json\/wp\/v2\/pages"}],"about":[{"href":"https:\/\/westbaycolonial.com\/es\/wp-json\/wp\/v2\/types\/page"}],"author":[{"embeddable":true,"href":"https:\/\/westbaycolonial.com\/es\/wp-json\/wp\/v2\/users\/2"}],"replies":[{"embeddable":true,"href":"https:\/\/westbaycolonial.com\/es\/wp-json\/wp\/v2\/comments?post=695"}],"version-history":[{"count":11,"href":"https:\/\/westbaycolonial.com\/es\/wp-json\/wp\/v2\/pages\/695\/revisions"}],"predecessor-version":[{"id":957,"href":"https:\/\/westbaycolonial.com\/es\/wp-json\/wp\/v2\/pages\/695\/revisions\/957"}],"up":[{"embeddable":true,"href":"https:\/\/westbaycolonial.com\/es\/wp-json\/wp\/v2\/pages\/683"}],"wp:featuredmedia":[{"embeddable":true,"href":"https:\/\/westbaycolonial.com\/es\/wp-json\/wp\/v2\/media\/701"}],"wp:attachment":[{"href":"https:\/\/westbaycolonial.com\/es\/wp-json\/wp\/v2\/media?parent=695"}],"curies":[{"name":"wp","href":"https:\/\/api.w.org\/{rel}","templated":true}]}}